{"id":12,"date":"2014-01-29T16:40:26","date_gmt":"2014-01-29T14:40:26","guid":{"rendered":"http:\/\/gaertnerei-krueger.de\/?page_id=12"},"modified":"2020-06-27T19:33:00","modified_gmt":"2020-06-27T17:33:00","slug":"gaertnerei","status":"publish","type":"page","link":"https:\/\/gaertnerei-krueger.de\/?page_id=12","title":{"rendered":"G\u00e4rtnerei"},"content":{"rendered":"<p>F\u00fcr Ihren Garten nur das Beste. Wir bieten Ihnen eine gro\u00dfe Auswahl an Beet- und Balkonpflanzen in h\u00f6chster Qualit\u00e4t, mit denen Sie Ihre &#8222;gr\u00fcne Oase&#8220; pers\u00f6nlich gestalten und beleben k\u00f6nnen. Dazu geh\u00f6ren:<\/p>\n<ul>\n<li>exklusive Fr\u00fchjahrs-, Sommer- und Herbstblumen aus eigener Produktion<\/li>\n<li>eine Fr\u00fchjahrsauswahl von ca. 45 verschiedenen Sorten Stiefm\u00fctterchen und Hornveilchen<\/li>\n<li>Keramik und Zubeh\u00f6r<\/li>\n<li>Erde<\/li>\n<li>D\u00fcnger<\/li>\n<\/ul>\n<p>Schauen Sie doch einfach vorbei.<\/p>\n","protected":false},"excerpt":{"rendered":"<p>F\u00fcr Ihren Garten nur das Beste. Wir bieten Ihnen eine gro\u00dfe Auswahl an Beet- und Balkonpflanzen in h\u00f6chster Qualit\u00e4t, mit denen Sie Ihre &#8222;gr\u00fcne Oase&#8220; pers\u00f6nlich gestalten und beleben k\u00f6nnen. Dazu geh\u00f6ren: exklusive Fr\u00fchjahrs-, Sommer- und Herbstblumen aus eigener Produktion eine Fr\u00fchjahrsauswahl von ca. 45 verschiedenen Sorten Stiefm\u00fctterchen und Hornveilchen<\/p>\n","protected":false},"author":23,"featured_media":0,"parent":0,"menu_order":3,"comment_status":"closed","ping_status":"closed","template":"","meta":{"footnotes":""},"class_list":["post-12","page","type-page","status-publish","hentry"],"_links":{"self":[{"href":"https:\/\/gaertnerei-krueger.de\/index.php?rest_route=\/wp\/v2\/pages\/12","targetHints":{"allow":["GET"]}}],"collection":[{"href":"https:\/\/gaertnerei-krueger.de\/index.php?rest_route=\/wp\/v2\/pages"}],"about":[{"href":"https:\/\/gaertnerei-krueger.de\/index.php?rest_route=\/wp\/v2\/types\/page"}],"author":[{"embeddable":true,"href":"https:\/\/gaertnerei-krueger.de\/index.php?rest_route=\/wp\/v2\/users\/23"}],"replies":[{"embeddable":true,"href":"https:\/\/gaertnerei-krueger.de\/index.php?rest_route=%2Fwp%2Fv2%2Fcomments&post=12"}],"version-history":[{"count":11,"href":"https:\/\/gaertnerei-krueger.de\/index.php?rest_route=\/wp\/v2\/pages\/12\/revisions"}],"predecessor-version":[{"id":821,"href":"https:\/\/gaertnerei-krueger.de\/index.php?rest_route=\/wp\/v2\/pages\/12\/revisions\/821"}],"wp:attachment":[{"href":"https:\/\/gaertnerei-krueger.de\/index.php?rest_route=%2Fwp%2Fv2%2Fmedia&parent=12"}],"curies":[{"name":"wp","href":"https:\/\/api.w.org\/{rel}","templated":true}]}}